{"id":327,"date":"2022-01-19T12:42:27","date_gmt":"2022-01-19T11:42:27","guid":{"rendered":"http:\/\/peluquerias.tiendanimal.pt\/servicos\/banhos-e-tosquias-centro-beleza\/?page_id=327"},"modified":"2024-09-26T11:51:32","modified_gmt":"2024-09-26T10:51:32","slug":"porque-tiendanimal","status":"publish","type":"page","link":"https:\/\/www.tiendanimal.pt\/servicos\/banhos-e-tosquias-centro-beleza\/porque-tiendanimal\/","title":{"rendered":"Porqu\u00ea Tiendanimal?"},"content":{"rendered":"","protected":false},"excerpt":{"rendered":"","protected":false},"author":1,"featured_media":388,"parent":0,"menu_order":0,"comment_status":"closed","ping_status":"closed","template":"tienda-animal\/por-que-elegirnos.php","meta":{"_acf_changed":false,"footnotes":""},"class_list":["post-327","page","type-page","status-publish","has-post-thumbnail","hentry"],"acf":[],"yoast_head":"<!-- This site is optimized with the Yoast SEO plugin v27.2 - https:\/\/yoast.com\/product\/yoast-seo-wordpress\/ -->\n<title>Sobre n\u00f3s: Centro de beleza Tiendanimal<\/title>\n<meta name=\"description\" content=\"Porque escolher-nos? Porque amamos cuidar deles! O bem-estar dos nossos animais de estima\u00e7\u00e3o est\u00e1 em primeiro lugar. Descubra aqui todas as vantagens que lhe oferecemos.\" \/>\n<meta name=\"robots\" content=\"index, follow, max-snippet:-1, max-image-preview:large, max-video-preview:-1\" \/>\n<link rel=\"canonical\" href=\"https:\/\/www.tiendanimal.pt\/servicos\/banhos-e-tosquias-centro-beleza\/porque-tiendanimal\/\" \/>\n<meta property=\"og:locale\" content=\"es_ES\" \/>\n<meta property=\"og:type\" content=\"article\" \/>\n<meta property=\"og:title\" content=\"Sobre n\u00f3s: Centro de beleza Tiendanimal\" \/>\n<meta property=\"og:description\" content=\"Porque escolher-nos? Porque amamos cuidar deles! O bem-estar dos nossos animais de estima\u00e7\u00e3o est\u00e1 em primeiro lugar. Descubra aqui todas as vantagens que lhe oferecemos.\" \/>\n<meta property=\"og:url\" content=\"https:\/\/www.tiendanimal.pt\/servicos\/banhos-e-tosquias-centro-beleza\/porque-tiendanimal\/\" \/>\n<meta property=\"og:site_name\" content=\"Centro de Beleza\" \/>\n<meta property=\"article:publisher\" content=\"https:\/\/www.facebook.com\/tiendanimal\" \/>\n<meta property=\"article:modified_time\" content=\"2024-09-26T10:51:32+00:00\" \/>\n<meta property=\"og:image\" content=\"https:\/\/www.tiendanimal.pt\/servicos\/banhos-e-tosquias-centro-beleza\/wp-content\/uploads\/2022\/04\/bg-head-porque.jpg\" \/>\n\t<meta property=\"og:image:width\" content=\"1920\" \/>\n\t<meta property=\"og:image:height\" content=\"588\" \/>\n\t<meta property=\"og:image:type\" content=\"image\/jpeg\" \/>\n<meta name=\"twitter:card\" content=\"summary_large_image\" \/>\n<meta name=\"twitter:site\" content=\"@tiendanimal\" \/>\n<meta name=\"twitter:label1\" content=\"Tiempo de lectura\" \/>\n\t<meta name=\"twitter:data1\" content=\"1 minuto\" \/>\n<script type=\"application\/ld+json\" class=\"yoast-schema-graph\">{\"@context\":\"https:\/\/schema.org\",\"@graph\":[{\"@type\":\"WebPage\",\"@id\":\"https:\/\/www.tiendanimal.pt\/servicos\/banhos-e-tosquias-centro-beleza\/porque-tiendanimal\/\",\"url\":\"https:\/\/www.tiendanimal.pt\/servicos\/banhos-e-tosquias-centro-beleza\/porque-tiendanimal\/\",\"name\":\"Sobre n\u00f3s: Centro de beleza Tiendanimal\",\"isPartOf\":{\"@id\":\"https:\/\/www.tiendanimal.pt\/servicos\/banhos-e-tosquias-centro-beleza\/#website\"},\"primaryImageOfPage\":{\"@id\":\"https:\/\/www.tiendanimal.pt\/servicos\/banhos-e-tosquias-centro-beleza\/porque-tiendanimal\/#primaryimage\"},\"image\":{\"@id\":\"https:\/\/www.tiendanimal.pt\/servicos\/banhos-e-tosquias-centro-beleza\/porque-tiendanimal\/#primaryimage\"},\"thumbnailUrl\":\"https:\/\/www.tiendanimal.pt\/servicos\/banhos-e-tosquias-centro-beleza\/wp-content\/uploads\/2022\/04\/bg-head-porque.jpg\",\"datePublished\":\"2022-01-19T11:42:27+00:00\",\"dateModified\":\"2024-09-26T10:51:32+00:00\",\"description\":\"Porque escolher-nos? Porque amamos cuidar deles! O bem-estar dos nossos animais de estima\u00e7\u00e3o est\u00e1 em primeiro lugar. Descubra aqui todas as vantagens que lhe oferecemos.\",\"breadcrumb\":{\"@id\":\"https:\/\/www.tiendanimal.pt\/servicos\/banhos-e-tosquias-centro-beleza\/porque-tiendanimal\/#breadcrumb\"},\"inLanguage\":\"es\",\"potentialAction\":[{\"@type\":\"ReadAction\",\"target\":[\"https:\/\/www.tiendanimal.pt\/servicos\/banhos-e-tosquias-centro-beleza\/porque-tiendanimal\/\"]}]},{\"@type\":\"ImageObject\",\"inLanguage\":\"es\",\"@id\":\"https:\/\/www.tiendanimal.pt\/servicos\/banhos-e-tosquias-centro-beleza\/porque-tiendanimal\/#primaryimage\",\"url\":\"https:\/\/www.tiendanimal.pt\/servicos\/banhos-e-tosquias-centro-beleza\/wp-content\/uploads\/2022\/04\/bg-head-porque.jpg\",\"contentUrl\":\"https:\/\/www.tiendanimal.pt\/servicos\/banhos-e-tosquias-centro-beleza\/wp-content\/uploads\/2022\/04\/bg-head-porque.jpg\",\"width\":1920,\"height\":588,\"caption\":\"\u00bfPor qu\u00e9 elegirnos?\"},{\"@type\":\"BreadcrumbList\",\"@id\":\"https:\/\/www.tiendanimal.pt\/servicos\/banhos-e-tosquias-centro-beleza\/porque-tiendanimal\/#breadcrumb\",\"itemListElement\":[{\"@type\":\"ListItem\",\"position\":1,\"name\":\"Portada\",\"item\":\"https:\/\/www.tiendanimal.pt\/servicos\/banhos-e-tosquias-centro-beleza\/\"},{\"@type\":\"ListItem\",\"position\":2,\"name\":\"Porqu\u00ea Tiendanimal?\"}]},{\"@type\":\"WebSite\",\"@id\":\"https:\/\/www.tiendanimal.pt\/servicos\/banhos-e-tosquias-centro-beleza\/#website\",\"url\":\"https:\/\/www.tiendanimal.pt\/servicos\/banhos-e-tosquias-centro-beleza\/\",\"name\":\"Centro de Beleza\",\"description\":\"Tiendanimal\",\"publisher\":{\"@id\":\"https:\/\/www.tiendanimal.pt\/servicos\/banhos-e-tosquias-centro-beleza\/#organization\"},\"potentialAction\":[{\"@type\":\"SearchAction\",\"target\":{\"@type\":\"EntryPoint\",\"urlTemplate\":\"https:\/\/www.tiendanimal.pt\/servicos\/banhos-e-tosquias-centro-beleza\/?s={search_term_string}\"},\"query-input\":{\"@type\":\"PropertyValueSpecification\",\"valueRequired\":true,\"valueName\":\"search_term_string\"}}],\"inLanguage\":\"es\"},{\"@type\":\"Organization\",\"@id\":\"https:\/\/www.tiendanimal.pt\/servicos\/banhos-e-tosquias-centro-beleza\/#organization\",\"name\":\"Sal\u00f3n de Belleza de Tienda Animal\",\"url\":\"https:\/\/www.tiendanimal.pt\/servicos\/banhos-e-tosquias-centro-beleza\/\",\"logo\":{\"@type\":\"ImageObject\",\"inLanguage\":\"es\",\"@id\":\"https:\/\/www.tiendanimal.pt\/servicos\/banhos-e-tosquias-centro-beleza\/#\/schema\/logo\/image\/\",\"url\":\"http:\/\/peluquerias.tiendanimal.pt\/servicos\/banhos-e-tosquias-centro-beleza\/wp-content\/uploads\/2022\/04\/cropped-logo.jpg\",\"contentUrl\":\"http:\/\/peluquerias.tiendanimal.pt\/servicos\/banhos-e-tosquias-centro-beleza\/wp-content\/uploads\/2022\/04\/cropped-logo.jpg\",\"width\":184,\"height\":80,\"caption\":\"Sal\u00f3n de Belleza de Tienda Animal\"},\"image\":{\"@id\":\"https:\/\/www.tiendanimal.pt\/servicos\/banhos-e-tosquias-centro-beleza\/#\/schema\/logo\/image\/\"},\"sameAs\":[\"https:\/\/www.facebook.com\/tiendanimal\",\"https:\/\/x.com\/tiendanimal\",\"https:\/\/www.instagram.com\/tiendanimal\",\"https:\/\/www.youtube.com\/user\/tiendanimal\"]}]}<\/script>\n<!-- \/ Yoast SEO plugin. -->","yoast_head_json":{"title":"Sobre n\u00f3s: Centro de beleza Tiendanimal","description":"Porque escolher-nos? Porque amamos cuidar deles! O bem-estar dos nossos animais de estima\u00e7\u00e3o est\u00e1 em primeiro lugar. Descubra aqui todas as vantagens que lhe oferecemos.","robots":{"index":"index","follow":"follow","max-snippet":"max-snippet:-1","max-image-preview":"max-image-preview:large","max-video-preview":"max-video-preview:-1"},"canonical":"https:\/\/www.tiendanimal.pt\/servicos\/banhos-e-tosquias-centro-beleza\/porque-tiendanimal\/","og_locale":"es_ES","og_type":"article","og_title":"Sobre n\u00f3s: Centro de beleza Tiendanimal","og_description":"Porque escolher-nos? Porque amamos cuidar deles! O bem-estar dos nossos animais de estima\u00e7\u00e3o est\u00e1 em primeiro lugar. Descubra aqui todas as vantagens que lhe oferecemos.","og_url":"https:\/\/www.tiendanimal.pt\/servicos\/banhos-e-tosquias-centro-beleza\/porque-tiendanimal\/","og_site_name":"Centro de Beleza","article_publisher":"https:\/\/www.facebook.com\/tiendanimal","article_modified_time":"2024-09-26T10:51:32+00:00","og_image":[{"width":1920,"height":588,"url":"https:\/\/www.tiendanimal.pt\/servicos\/banhos-e-tosquias-centro-beleza\/wp-content\/uploads\/2022\/04\/bg-head-porque.jpg","type":"image\/jpeg"}],"twitter_card":"summary_large_image","twitter_site":"@tiendanimal","twitter_misc":{"Tiempo de lectura":"1 minuto"},"schema":{"@context":"https:\/\/schema.org","@graph":[{"@type":"WebPage","@id":"https:\/\/www.tiendanimal.pt\/servicos\/banhos-e-tosquias-centro-beleza\/porque-tiendanimal\/","url":"https:\/\/www.tiendanimal.pt\/servicos\/banhos-e-tosquias-centro-beleza\/porque-tiendanimal\/","name":"Sobre n\u00f3s: Centro de beleza Tiendanimal","isPartOf":{"@id":"https:\/\/www.tiendanimal.pt\/servicos\/banhos-e-tosquias-centro-beleza\/#website"},"primaryImageOfPage":{"@id":"https:\/\/www.tiendanimal.pt\/servicos\/banhos-e-tosquias-centro-beleza\/porque-tiendanimal\/#primaryimage"},"image":{"@id":"https:\/\/www.tiendanimal.pt\/servicos\/banhos-e-tosquias-centro-beleza\/porque-tiendanimal\/#primaryimage"},"thumbnailUrl":"https:\/\/www.tiendanimal.pt\/servicos\/banhos-e-tosquias-centro-beleza\/wp-content\/uploads\/2022\/04\/bg-head-porque.jpg","datePublished":"2022-01-19T11:42:27+00:00","dateModified":"2024-09-26T10:51:32+00:00","description":"Porque escolher-nos? Porque amamos cuidar deles! O bem-estar dos nossos animais de estima\u00e7\u00e3o est\u00e1 em primeiro lugar. Descubra aqui todas as vantagens que lhe oferecemos.","breadcrumb":{"@id":"https:\/\/www.tiendanimal.pt\/servicos\/banhos-e-tosquias-centro-beleza\/porque-tiendanimal\/#breadcrumb"},"inLanguage":"es","potentialAction":[{"@type":"ReadAction","target":["https:\/\/www.tiendanimal.pt\/servicos\/banhos-e-tosquias-centro-beleza\/porque-tiendanimal\/"]}]},{"@type":"ImageObject","inLanguage":"es","@id":"https:\/\/www.tiendanimal.pt\/servicos\/banhos-e-tosquias-centro-beleza\/porque-tiendanimal\/#primaryimage","url":"https:\/\/www.tiendanimal.pt\/servicos\/banhos-e-tosquias-centro-beleza\/wp-content\/uploads\/2022\/04\/bg-head-porque.jpg","contentUrl":"https:\/\/www.tiendanimal.pt\/servicos\/banhos-e-tosquias-centro-beleza\/wp-content\/uploads\/2022\/04\/bg-head-porque.jpg","width":1920,"height":588,"caption":"\u00bfPor qu\u00e9 elegirnos?"},{"@type":"BreadcrumbList","@id":"https:\/\/www.tiendanimal.pt\/servicos\/banhos-e-tosquias-centro-beleza\/porque-tiendanimal\/#breadcrumb","itemListElement":[{"@type":"ListItem","position":1,"name":"Portada","item":"https:\/\/www.tiendanimal.pt\/servicos\/banhos-e-tosquias-centro-beleza\/"},{"@type":"ListItem","position":2,"name":"Porqu\u00ea Tiendanimal?"}]},{"@type":"WebSite","@id":"https:\/\/www.tiendanimal.pt\/servicos\/banhos-e-tosquias-centro-beleza\/#website","url":"https:\/\/www.tiendanimal.pt\/servicos\/banhos-e-tosquias-centro-beleza\/","name":"Centro de Beleza","description":"Tiendanimal","publisher":{"@id":"https:\/\/www.tiendanimal.pt\/servicos\/banhos-e-tosquias-centro-beleza\/#organization"},"potentialAction":[{"@type":"SearchAction","target":{"@type":"EntryPoint","urlTemplate":"https:\/\/www.tiendanimal.pt\/servicos\/banhos-e-tosquias-centro-beleza\/?s={search_term_string}"},"query-input":{"@type":"PropertyValueSpecification","valueRequired":true,"valueName":"search_term_string"}}],"inLanguage":"es"},{"@type":"Organization","@id":"https:\/\/www.tiendanimal.pt\/servicos\/banhos-e-tosquias-centro-beleza\/#organization","name":"Sal\u00f3n de Belleza de Tienda Animal","url":"https:\/\/www.tiendanimal.pt\/servicos\/banhos-e-tosquias-centro-beleza\/","logo":{"@type":"ImageObject","inLanguage":"es","@id":"https:\/\/www.tiendanimal.pt\/servicos\/banhos-e-tosquias-centro-beleza\/#\/schema\/logo\/image\/","url":"http:\/\/peluquerias.tiendanimal.pt\/servicos\/banhos-e-tosquias-centro-beleza\/wp-content\/uploads\/2022\/04\/cropped-logo.jpg","contentUrl":"http:\/\/peluquerias.tiendanimal.pt\/servicos\/banhos-e-tosquias-centro-beleza\/wp-content\/uploads\/2022\/04\/cropped-logo.jpg","width":184,"height":80,"caption":"Sal\u00f3n de Belleza de Tienda Animal"},"image":{"@id":"https:\/\/www.tiendanimal.pt\/servicos\/banhos-e-tosquias-centro-beleza\/#\/schema\/logo\/image\/"},"sameAs":["https:\/\/www.facebook.com\/tiendanimal","https:\/\/x.com\/tiendanimal","https:\/\/www.instagram.com\/tiendanimal","https:\/\/www.youtube.com\/user\/tiendanimal"]}]}},"_links":{"self":[{"href":"https:\/\/www.tiendanimal.pt\/servicos\/banhos-e-tosquias-centro-beleza\/wp-json\/wp\/v2\/pages\/327","targetHints":{"allow":["GET"]}}],"collection":[{"href":"https:\/\/www.tiendanimal.pt\/servicos\/banhos-e-tosquias-centro-beleza\/wp-json\/wp\/v2\/pages"}],"about":[{"href":"https:\/\/www.tiendanimal.pt\/servicos\/banhos-e-tosquias-centro-beleza\/wp-json\/wp\/v2\/types\/page"}],"author":[{"embeddable":true,"href":"https:\/\/www.tiendanimal.pt\/servicos\/banhos-e-tosquias-centro-beleza\/wp-json\/wp\/v2\/users\/1"}],"replies":[{"embeddable":true,"href":"https:\/\/www.tiendanimal.pt\/servicos\/banhos-e-tosquias-centro-beleza\/wp-json\/wp\/v2\/comments?post=327"}],"version-history":[{"count":9,"href":"https:\/\/www.tiendanimal.pt\/servicos\/banhos-e-tosquias-centro-beleza\/wp-json\/wp\/v2\/pages\/327\/revisions"}],"predecessor-version":[{"id":911,"href":"https:\/\/www.tiendanimal.pt\/servicos\/banhos-e-tosquias-centro-beleza\/wp-json\/wp\/v2\/pages\/327\/revisions\/911"}],"wp:featuredmedia":[{"embeddable":true,"href":"https:\/\/www.tiendanimal.pt\/servicos\/banhos-e-tosquias-centro-beleza\/wp-json\/wp\/v2\/media\/388"}],"wp:attachment":[{"href":"https:\/\/www.tiendanimal.pt\/servicos\/banhos-e-tosquias-centro-beleza\/wp-json\/wp\/v2\/media?parent=327"}],"curies":[{"name":"wp","href":"https:\/\/api.w.org\/{rel}","templated":true}]}}